{"id":31,"date":"2026-01-17T08:07:00","date_gmt":"2026-01-17T14:07:00","guid":{"rendered":"https:\/\/juanorlandohernandez.com\/news\/inicio-2\/"},"modified":"2026-01-17T19:24:38","modified_gmt":"2026-01-18T01:24:38","slug":"inicio-2","status":"publish","type":"page","link":"https:\/\/juanorlandohernandez.com\/news\/","title":{"rendered":"Inicio"},"content":{"rendered":"\n<div class=\"wp-block-cover alignfull is-light hestia-clear-top-padding\"><span aria-hidden=\"true\" class=\"wp-block-cover__background has-white-background-color has-background-dim-100 has-background-dim\"><\/span><div class=\"wp-block-cover__inner-container is-layout-flow wp-block-cover-is-layout-flow\">\n<h2 class=\"wp-block-heading has-text-align-center has-text-color\" style=\"color:#3c4858\">Juntos hicimos 8 a\u00f1os de historia<\/h2>\n\n\n\n<div class=\"wp-block-columns container is-layout-flex wp-container-core-columns-is-layout-28f84493 wp-block-columns-is-layout-flex\">\n<div class=\"wp-block-column is-layout-flow wp-block-column-is-layout-flow\"><div class=\"wp-block-image\">\n<figure class=\"aligncenter size-full is-resized\"><a href=\"https:\/\/juanorlandohernandez.com\/news\/3d-flip-book\/capitulo-1\/\"><img loading=\"lazy\" decoding=\"async\" width=\"100\" height=\"100\" src=\"https:\/\/juanorlandohernandez.com\/news\/wp-content\/uploads\/2026\/01\/book-joh.png\" alt=\"\" class=\"wp-image-496\" style=\"width:64px;height:auto\"\/><\/a><\/figure>\n<\/div>\n\n\n<h5 class=\"wp-block-heading has-text-align-center has-text-color\" style=\"color:#3c4858;font-size:18px\">Capitulo 1<\/h5>\n\n\n\n<p class=\"has-text-align-center has-text-color\" style=\"color:#999999;font-size:14px\">ESTRATEGIA DE SEGURIDAD CIUDADANA Y DEFENSA DEL ESTADO<\/p>\n\n\n\n<div style=\"height:25px\" aria-hidden=\"true\" class=\"wp-block-spacer\"><\/div>\n<\/div>\n\n\n\n<div class=\"wp-block-column is-layout-flow wp-block-column-is-layout-flow\"><div class=\"wp-block-image\">\n<figure class=\"aligncenter size-large is-resized\"><a href=\"https:\/\/juanorlandohernandez.com\/news\/3d-flip-book\/capitulo-2\/\"><img decoding=\"async\" src=\"https:\/\/juanorlandohernandez.com\/news\/wp-content\/uploads\/2026\/01\/book-joh.png\" alt=\"\" style=\"width:64px;height:auto\"\/><\/a><\/figure>\n<\/div>\n\n\n<h5 class=\"wp-block-heading has-text-align-center has-text-color\" style=\"color:#3c4858;font-size:18px\">Capitulo 2<\/h5>\n\n\n\n<p class=\"has-text-align-center has-text-color\" style=\"color:#999999;font-size:14px\">CRECIMIENTO ECON\u00d3MICO, FINANZAS P\u00daBLICAS Y EQUILIBRIO FISCAL<\/p>\n\n\n\n<div style=\"height:25px\" aria-hidden=\"true\" class=\"wp-block-spacer\"><\/div>\n<\/div>\n\n\n\n<div class=\"wp-block-column is-layout-flow wp-block-column-is-layout-flow\"><div class=\"wp-block-image\">\n<figure class=\"aligncenter size-large\"><a href=\"https:\/\/juanorlandohernandez.com\/news\/3d-flip-book\/capitulo-3\/\"><img decoding=\"async\" src=\"https:\/\/juanorlandohernandez.com\/news\/wp-content\/uploads\/2026\/01\/book-joh.png\" alt=\"\"\/><\/a><\/figure>\n<\/div>\n\n\n<h5 class=\"wp-block-heading has-text-align-center has-text-color\" style=\"color:#3c4858;font-size:18px\">Capitulo 3<\/h5>\n\n\n\n<p class=\"has-text-align-center has-text-color\" style=\"color:#999999;font-size:14px\">INVERSIONES EN SECTORES PRODUCTIVOS<\/p>\n\n\n\n<div style=\"height:25px\" aria-hidden=\"true\" class=\"wp-block-spacer\"><\/div>\n<\/div>\n\n\n\n<div class=\"wp-block-column is-layout-flow wp-block-column-is-layout-flow\"><div class=\"wp-block-image\">\n<figure class=\"aligncenter size-large\"><a href=\"https:\/\/juanorlandohernandez.com\/news\/3d-flip-book\/capitulo-4\/\"><img decoding=\"async\" src=\"https:\/\/juanorlandohernandez.com\/news\/wp-content\/uploads\/2026\/01\/book-joh.png\" alt=\"\"\/><\/a><\/figure>\n<\/div>\n\n\n<h5 class=\"wp-block-heading has-text-align-center has-text-color\" style=\"color:#3c4858;font-size:18px\">Capitulo 4<\/h5>\n\n\n\n<p class=\"has-text-align-center has-text-color\" style=\"color:#999999;font-size:14px\">INVERSI\u00d3N P\u00daBLICA Y SERVICIOS B\u00c1SICOS<\/p>\n\n\n\n<div style=\"height:25px\" aria-hidden=\"true\" class=\"wp-block-spacer\"><\/div>\n<\/div>\n<\/div>\n\n\n\n<div class=\"wp-block-columns container is-layout-flex wp-container-core-columns-is-layout-28f84493 wp-block-columns-is-layout-flex\">\n<div class=\"wp-block-column is-layout-flow wp-block-column-is-layout-flow\"><div class=\"wp-block-image\">\n<figure class=\"aligncenter size-large\"><a href=\"https:\/\/juanorlandohernandez.com\/news\/3d-flip-book\/capitulo-5\/\"><img decoding=\"async\" src=\"https:\/\/juanorlandohernandez.com\/news\/wp-content\/uploads\/2026\/01\/book-joh.png\" alt=\"\"\/><\/a><\/figure>\n<\/div>\n\n\n<h5 class=\"wp-block-heading has-text-align-center has-text-color\" style=\"color:#3c4858;font-size:18px\">Capitulo 5<\/h5>\n\n\n\n<p class=\"has-text-align-center has-text-color\" style=\"color:#999999;font-size:14px\">MEJORA DE LA COMPETITIVIDAD: CENTRO LOG\u00cdSTICO DE LAS AM\u00c9RICAS<\/p>\n\n\n\n<div style=\"height:25px\" aria-hidden=\"true\" class=\"wp-block-spacer\"><\/div>\n<\/div>\n\n\n\n<div class=\"wp-block-column is-layout-flow wp-block-column-is-layout-flow\"><div class=\"wp-block-image\">\n<figure class=\"aligncenter size-large\"><a href=\"https:\/\/juanorlandohernandez.com\/news\/3d-flip-book\/capitulo-6\/\"><img decoding=\"async\" src=\"https:\/\/juanorlandohernandez.com\/news\/wp-content\/uploads\/2026\/01\/book-joh.png\" alt=\"\"\/><\/a><\/figure>\n<\/div>\n\n\n<h5 class=\"wp-block-heading has-text-align-center has-text-color\" style=\"color:#3c4858;font-size:18px\">Capitulo 6<\/h5>\n\n\n\n<p class=\"has-text-align-center has-text-color\" style=\"color:#999999;font-size:14px\">BIENESTAR SOCIAL Y DESARROLLO HUMANO SOSTENIBLE<\/p>\n\n\n\n<div style=\"height:25px\" aria-hidden=\"true\" class=\"wp-block-spacer\"><\/div>\n<\/div>\n\n\n\n<div class=\"wp-block-column is-layout-flow wp-block-column-is-layout-flow\"><div class=\"wp-block-image\">\n<figure class=\"aligncenter size-large\"><a href=\"https:\/\/juanorlandohernandez.com\/news\/3d-flip-book\/capitulo-7\/\"><img decoding=\"async\" src=\"https:\/\/juanorlandohernandez.com\/news\/wp-content\/uploads\/2026\/01\/book-joh.png\" alt=\"\"\/><\/a><\/figure>\n<\/div>\n\n\n<h5 class=\"wp-block-heading has-text-align-center has-text-color\" style=\"color:#3c4858;font-size:18px\">Capitulo 7<\/h5>\n\n\n\n<p class=\"has-text-align-center has-text-color\" style=\"color:#999999;font-size:14px\">GOBERNANZA Y MODERNIZACI\u00d3N DEL ESTADO<\/p>\n\n\n\n<div style=\"height:25px\" aria-hidden=\"true\" class=\"wp-block-spacer\"><\/div>\n<\/div>\n\n\n\n<div class=\"wp-block-column is-layout-flow wp-block-column-is-layout-flow\"><div class=\"wp-block-image\">\n<figure class=\"aligncenter size-large\"><a href=\"https:\/\/juanorlandohernandez.com\/news\/3d-flip-book\/capitulo-8\/\"><img decoding=\"async\" src=\"https:\/\/juanorlandohernandez.com\/news\/wp-content\/uploads\/2026\/01\/book-joh.png\" alt=\"\"\/><\/a><\/figure>\n<\/div>\n\n\n<h5 class=\"wp-block-heading has-text-align-center has-text-color\" style=\"color:#3c4858;font-size:18px\">Capitulo 8<\/h5>\n\n\n\n<p class=\"has-text-align-center has-text-color\" style=\"color:#999999;font-size:14px\">POL\u00cdTICAS TRANSVERSALES<\/p>\n\n\n\n<div style=\"height:25px\" aria-hidden=\"true\" class=\"wp-block-spacer\"><\/div>\n<\/div>\n<\/div>\n\n\n\n<div style=\"height:40px\" aria-hidden=\"true\" class=\"wp-block-spacer\"><\/div>\n<\/div><\/div>\n\n\n\n<p><\/p>\n","protected":false},"excerpt":{"rendered":"","protected":false},"author":1,"featured_media":0,"parent":0,"menu_order":0,"comment_status":"closed","ping_status":"closed","template":"","meta":{"footnotes":""},"class_list":["post-31","page","type-page","status-publish","hentry"],"_links":{"self":[{"href":"https:\/\/juanorlandohernandez.com\/news\/wp-json\/wp\/v2\/pages\/31","targetHints":{"allow":["GET"]}}],"collection":[{"href":"https:\/\/juanorlandohernandez.com\/news\/wp-json\/wp\/v2\/pages"}],"about":[{"href":"https:\/\/juanorlandohernandez.com\/news\/wp-json\/wp\/v2\/types\/page"}],"author":[{"embeddable":true,"href":"https:\/\/juanorlandohernandez.com\/news\/wp-json\/wp\/v2\/users\/1"}],"replies":[{"embeddable":true,"href":"https:\/\/juanorlandohernandez.com\/news\/wp-json\/wp\/v2\/comments?post=31"}],"version-history":[{"count":17,"href":"https:\/\/juanorlandohernandez.com\/news\/wp-json\/wp\/v2\/pages\/31\/revisions"}],"predecessor-version":[{"id":498,"href":"https:\/\/juanorlandohernandez.com\/news\/wp-json\/wp\/v2\/pages\/31\/revisions\/498"}],"wp:attachment":[{"href":"https:\/\/juanorlandohernandez.com\/news\/wp-json\/wp\/v2\/media?parent=31"}],"curies":[{"name":"wp","href":"https:\/\/api.w.org\/{rel}","templated":true}]}}